{"id":1782,"date":"2022-05-20T18:12:09","date_gmt":"2022-05-20T15:12:09","guid":{"rendered":"https:\/\/dev.thisisfruit.com\/ff2024\/?page_id=1782"},"modified":"2024-03-05T23:34:44","modified_gmt":"2024-03-05T20:34:44","slug":"editorial","status":"publish","type":"page","link":"https:\/\/2024.festivalff.ro\/fr\/editorial\/","title":{"rendered":"\u00c9ditorial"},"content":{"rendered":"\n<figure class=\"wp-block-embed is-type-video is-provider-youtube wp-block-embed-youtube wp-embed-aspect-16-9 wp-has-aspect-ratio\"><div class=\"wp-block-embed__wrapper\">\n<iframe loading=\"lazy\" title=\"Festival du Film Fran\u00e7ais 2024\" width=\"580\" height=\"326\" src=\"https:\/\/www.youtube.com\/embed\/jH2PcwTNA9I?feature=oembed\" frameborder=\"0\" allow=\"accelerometer; autoplay; clipboard-write; encrypted-media; gyroscope; picture-in-picture; web-share\" referrerpolicy=\"strict-origin-when-cross-origin\" allowfullscreen><\/iframe>\n<\/div><\/figure>\n\n\n\n<p>Ch\u00e8r.e.s ami.e.s du cin\u00e9ma,&nbsp;<\/p>\n\n\n\n<p>L\u2019ann\u00e9e de son Centenaire, l\u2019Institut fran\u00e7ais de Roumanie a particuli\u00e8rement \u00e0 c\u0153ur de r\u00e9affirmer son engagement pour le cin\u00e9ma, les cin\u00e9astes, les cin\u00e9philes. Ainsi le Festival du film fran\u00e7ais 2024, de retour en Roumanie pour sa 28<sup>\u00e8me<\/sup> \u00e9dition du 21 au 31 mars, est pr\u00e9sent dans 13 villes du pays : Bucure\u0219ti, Cluj-Napoca, Timi\u0219oara, Ia\u0219i, Arad, Bra\u0219ov, Br\u0103ila, Constan\u021ba, Craiova, Sf\u00e2ntu Gheorghe,&nbsp;<\/p>\n\n\n\n<p>Sibiu, Suceava, T\u00e2rgu Mure\u0219.&nbsp;<\/p>\n\n\n\n<p>Avec \u00ab Vertiges \u00bb, nous voulons c\u00e9l\u00e9brer le cin\u00e9ma acteur irrempla\u00e7able d\u2019un monde incertain et en mouvement. Aux c\u00f4t\u00e9s de F-Sides, nous disons aussi l\u2019importance que nous accordons \u00e0 l\u2019enjeu de l\u2019\u00e9galit\u00e9 des genres et de lutte contre les violences sexistes et sexuelles, qui sera l\u2019objet de workshops \u00e0 destination des profesionnel.le.s roumain.e.s ou encore de discussions publiques.&nbsp;<\/p>\n\n\n\n<p>Le cin\u00e9ma est un appel \u00e0 l\u2019exploration. Pour la premi\u00e8re fois, la section MAUVAIS GENRES entra\u00eene les spectateur.rice.s dans une s\u00e9lection haletante de films de genre fran\u00e7ais, en perp\u00e9tuelle r\u00e9invention, tandis qu\u2019une section de films en r\u00e9alit\u00e9 virtuelle, VERTIGES VR, invite \u00e0 vivre diff\u00e9rentes exp\u00e9riences immersives et interactives.<\/p>\n\n\n\n<p>Comme toujours, nous soutenons la jeune cr\u00e9ation avec notre Comp\u00e9tition JEUNES TALENTS, Longs-m\u00e9trages et Courts-m\u00e9trages. La section PANORAMA pr\u00e9sente les grandes sorties fran\u00e7aises et une nouvelle section JEUNES PUBLICS propose des films pour toute la famille.<\/p>\n\n\n\n<p>Aux c\u00f4t\u00e9s d\u2019artistes et professionnel.le.s talentueux.ses et engag\u00e9.e.s, et gr\u00e2ce \u00e0 nos formidables partenaires, nous souhaitons que cette \u00e9dition du Festival du film fran\u00e7ais en Roumanie rassemble tous les amoureux.ses du cin\u00e9ma autour de ses vertus originelles : l\u2019exploration et l\u2019innovation.&nbsp;<\/p>\n\n\n\n<p>Vive le cin\u00e9ma et bon festival !&nbsp;<\/p>\n\n\n\n<p>Vive le cin\u00e9ma et bonne f\u00eate !<br>Julien CHIAPPONE-LUCCHESI, directeur de l&rsquo;Institut fran\u00e7ais de Roumanie<br>Et toute l&rsquo;\u00e9quipe FFF<\/p>\n","protected":false},"excerpt":{"rendered":"<p>Ch\u00e8r.e.s ami.e.s du cin\u00e9ma,&nbsp; L\u2019ann\u00e9e de son Centenaire, l\u2019Institut fran\u00e7ais de Roumanie a particuli\u00e8rement \u00e0 c\u0153ur de r\u00e9affirmer son engagement pour le cin\u00e9ma, les cin\u00e9astes, les cin\u00e9philes. Ainsi le Festival du film fran\u00e7ais 2024, de retour en Roumanie pour sa 28\u00e8me \u00e9dition du 21 au 31 mars, est pr\u00e9sent dans 13 villes du pays : [&hellip;]<\/p>\n","protected":false},"author":1,"featured_media":0,"parent":0,"menu_order":0,"comment_status":"closed","ping_status":"closed","template":"","meta":{"_acf_changed":false,"inline_featured_image":false,"footnotes":""},"class_list":["post-1782","page","type-page","status-publish","hentry"],"acf":[],"_links":{"self":[{"href":"https:\/\/2024.festivalff.ro\/fr\/wp-json\/wp\/v2\/pages\/1782","targetHints":{"allow":["GET"]}}],"collection":[{"href":"https:\/\/2024.festivalff.ro\/fr\/wp-json\/wp\/v2\/pages"}],"about":[{"href":"https:\/\/2024.festivalff.ro\/fr\/wp-json\/wp\/v2\/types\/page"}],"author":[{"embeddable":true,"href":"https:\/\/2024.festivalff.ro\/fr\/wp-json\/wp\/v2\/users\/1"}],"replies":[{"embeddable":true,"href":"https:\/\/2024.festivalff.ro\/fr\/wp-json\/wp\/v2\/comments?post=1782"}],"version-history":[{"count":3,"href":"https:\/\/2024.festivalff.ro\/fr\/wp-json\/wp\/v2\/pages\/1782\/revisions"}],"predecessor-version":[{"id":3798,"href":"https:\/\/2024.festivalff.ro\/fr\/wp-json\/wp\/v2\/pages\/1782\/revisions\/3798"}],"wp:attachment":[{"href":"https:\/\/2024.festivalff.ro\/fr\/wp-json\/wp\/v2\/media?parent=1782"}],"curies":[{"name":"wp","href":"https:\/\/api.w.org\/{rel}","templated":true}]}}